{"id":124,"date":"2025-05-10T19:05:16","date_gmt":"2025-05-10T17:05:16","guid":{"rendered":"https:\/\/sbi.mg\/?page_id=124"},"modified":"2025-06-12T10:52:34","modified_gmt":"2025-06-12T08:52:34","slug":"externalisation-appels","status":"publish","type":"page","link":"https:\/\/sbi.mg\/index.php\/externalisation-appels\/","title":{"rendered":"Externalisation appels"},"content":{"rendered":"\n<p class=\"has-text-align-center\">Externaliser la r\u00e9ception de vos appels t\u00e9l\u00e9phoniques entrants vous permettra de :<\/p>\n\n\n\n<div class=\"wp-block-columns is-layout-flex wp-container-core-columns-is-layout-9d6595d7 wp-block-columns-is-layout-flex\">\n<div class=\"wp-block-column is-layout-flow wp-block-column-is-layout-flow\" style=\"flex-basis:33.33%\"><\/div>\n\n\n\n<div class=\"wp-block-column is-layout-flow wp-block-column-is-layout-flow\" style=\"flex-basis:66.66%\">\n<ul class=\"wp-block-list\">\n<li>g\u00e9rer votre service apr\u00e8s-vente,<\/li>\n\n\n\n<li>transformer votre secr\u00e9tariat en t\u00e9l\u00e9secr\u00e9tariat,<\/li>\n\n\n\n<li>avoir un support client BtoB et BtoC,<\/li>\n\n\n\n<li>faire de la prises de rendez-vous,<\/li>\n\n\n\n<li>d\u00e9l\u00e9guer le suivi de commande,<\/li>\n\n\n\n<li><strong> <\/strong>avoir une hotline technique efficiente 24h\/24 et 7j\/7, si n\u00e9cessaire.<\/li>\n<\/ul>\n<\/div>\n<\/div>\n\n\n<div class=\"wp-block-image\">\n<figure class=\"aligncenter size-full is-resized\"><img loading=\"lazy\" decoding=\"async\" width=\"512\" height=\"512\" src=\"https:\/\/sbi.mg\/wp-content\/uploads\/2025\/05\/cropped-logo-sbi.png.jpg\" alt=\"\" class=\"wp-image-33\" style=\"width:249px;height:auto\" srcset=\"https:\/\/sbi.mg\/wp-content\/uploads\/2025\/05\/cropped-logo-sbi.png.jpg 512w, https:\/\/sbi.mg\/wp-content\/uploads\/2025\/05\/cropped-logo-sbi.png-300x300.jpg 300w, https:\/\/sbi.mg\/wp-content\/uploads\/2025\/05\/cropped-logo-sbi.png-150x150.jpg 150w\" sizes=\"auto, (max-width: 512px) 100vw, 512px\" \/><\/figure>\n<\/div>\n\n\n<p class=\"has-text-align-center\">SBI tiens \u00e0 votre disposition une \u00e9quipe compl\u00e8te allant de l&rsquo;op\u00e9rateur de saisie \u00e0 l&rsquo;expert comptable.<\/p>\n\n\n\n<h4 class=\"wp-block-heading has-text-align-center has-colibri-color-2-color has-text-color has-link-color wp-elements-6f360e32cf039d8742657d9e8590bd3b\" id=\"le-contrat-dexternalisation-de-la-comptabilite\">Nos \u00e9quipes pourront \u00e9galement<\/h4>\n\n\n\n<p class=\"has-text-align-center\">Mettre en place des campagnes sortantes pour :<\/p>\n\n\n\n<div class=\"wp-block-columns is-layout-flex wp-container-core-columns-is-layout-9d6595d7 wp-block-columns-is-layout-flex\">\n<div class=\"wp-block-column is-layout-flow wp-block-column-is-layout-flow\" style=\"flex-basis:33.33%\"><\/div>\n\n\n\n<div class=\"wp-block-column is-layout-flow wp-block-column-is-layout-flow\" style=\"flex-basis:66.66%\">\n<ul class=\"wp-block-list\">\n<li>effectuer vos sondages,<\/li>\n\n\n\n<li>faire votre prospection,<\/li>\n\n\n\n<li>travailler \u00e0 la fid\u00e9lisation de vos clients,<\/li>\n\n\n\n<li>qualifier vos fichiers,<\/li>\n\n\n\n<li>contribuer au recouvrement de vos factures.<\/li>\n<\/ul>\n<\/div>\n<\/div>\n\n\n\n<h4 class=\"wp-block-heading has-text-align-center has-colibri-color-2-color has-text-color has-link-color wp-elements-411930fd6230d436cc19e2e07e94bd51\">Politique tarifaire<\/h4>\n\n\n\n<p class=\"has-text-align-center\">Nous proposons plusieurs modes de facturation de nos services :<\/p>\n\n\n\n<div class=\"wp-block-columns is-layout-flex wp-container-core-columns-is-layout-9d6595d7 wp-block-columns-is-layout-flex\">\n<div class=\"wp-block-column is-layout-flow wp-block-column-is-layout-flow\" style=\"flex-basis:33.33%\"><\/div>\n\n\n\n<div class=\"wp-block-column is-layout-flow wp-block-column-is-layout-flow\" style=\"flex-basis:66.66%\">\n<ul class=\"wp-block-list\">\n<li>au temps pass\u00e9 (ex.: pour la r\u00e9ception des appels \u00e0 partir de 6 \u20ac TTC de l&rsquo;heure),<\/li>\n\n\n\n<li>au forfait mensuel (en fonction du nombre moyen d&rsquo;appels),<\/li>\n\n\n\n<li> par mois, (selon les prestations [\u00e0 partir de 250 \u20ac\/mois]),<\/li>\n\n\n\n<li>au forfait annuel selon la mission,<\/li>\n\n\n\n<li>\u00e0 la mission sp\u00e9cifique sur devis.<\/li>\n<\/ul>\n<\/div>\n<\/div>\n\n\n\n<p><\/p>\n\n\n\n<p><\/p>\n\n\n<\/div>\n<\/div>\n<\/div>\n<\/div>\n<\/div>\n<\/div>\n<\/div>\n<\/div>\n<\/div>\n<\/div>","protected":false},"excerpt":{"rendered":"<p>Externaliser la r\u00e9ception de vos appels t\u00e9l\u00e9phoniques entrants vous permettra de : SBI tiens \u00e0 votre disposition une \u00e9quipe compl\u00e8te allant de l&rsquo;op\u00e9rateur de saisie \u00e0 l&rsquo;expert comptable. Nos \u00e9quipes pourront \u00e9galement Mettre en place des campagnes sortantes pour : Politique tarifaire Nous proposons plusieurs modes de facturation de nos services :<\/p>\n","protected":false},"author":1,"featured_media":0,"parent":0,"menu_order":0,"comment_status":"closed","ping_status":"closed","template":"page-templates\/full-width-page.php","meta":{"footnotes":""},"class_list":["post-124","page","type-page","status-publish","hentry"],"_links":{"self":[{"href":"https:\/\/sbi.mg\/index.php\/wp-json\/wp\/v2\/pages\/124","targetHints":{"allow":["GET"]}}],"collection":[{"href":"https:\/\/sbi.mg\/index.php\/wp-json\/wp\/v2\/pages"}],"about":[{"href":"https:\/\/sbi.mg\/index.php\/wp-json\/wp\/v2\/types\/page"}],"author":[{"embeddable":true,"href":"https:\/\/sbi.mg\/index.php\/wp-json\/wp\/v2\/users\/1"}],"replies":[{"embeddable":true,"href":"https:\/\/sbi.mg\/index.php\/wp-json\/wp\/v2\/comments?post=124"}],"version-history":[{"count":19,"href":"https:\/\/sbi.mg\/index.php\/wp-json\/wp\/v2\/pages\/124\/revisions"}],"predecessor-version":[{"id":781,"href":"https:\/\/sbi.mg\/index.php\/wp-json\/wp\/v2\/pages\/124\/revisions\/781"}],"wp:attachment":[{"href":"https:\/\/sbi.mg\/index.php\/wp-json\/wp\/v2\/media?parent=124"}],"curies":[{"name":"wp","href":"https:\/\/api.w.org\/{rel}","templated":true}]}}