{"id":31,"date":"2025-05-10T09:19:23","date_gmt":"2025-05-10T07:19:23","guid":{"rendered":"https:\/\/sbi.mg\/?page_id=31"},"modified":"2025-05-10T14:07:31","modified_gmt":"2025-05-10T12:07:31","slug":"en-savoir-plus-sur-sbi","status":"publish","type":"page","link":"https:\/\/sbi.mg\/index.php\/en-savoir-plus-sur-sbi\/","title":{"rendered":"En savoir plus"},"content":{"rendered":"\n<p>L&rsquo;externalisation (ou&nbsp;<em>outsourcing<\/em>&nbsp;en anglais) est une strat\u00e9gie oganisationnelle qui consiste pour une entreprise \u00e0&nbsp;<strong>confier la r\u00e9alisation de certaines t\u00e2ches \u00e0 un prestataire externe<\/strong>, expert dans son domaine.<\/p>\n\n\n<div class=\"wp-block-image\">\n<figure class=\"alignright size-full is-resized\"><img loading=\"lazy\" decoding=\"async\" width=\"275\" height=\"183\" src=\"https:\/\/sbi.mg\/wp-content\/uploads\/2025\/05\/Palai-de-la-reine.jpg\" alt=\"\" class=\"wp-image-44\" style=\"width:341px;height:auto\"\/><\/figure>\n<\/div>\n\n<div class=\"wp-block-image\">\n<figure class=\"alignleft size-full is-resized\"><img loading=\"lazy\" decoding=\"async\" width=\"330\" height=\"221\" src=\"https:\/\/sbi.mg\/wp-content\/uploads\/2025\/05\/Tana.jpg\" alt=\"\" class=\"wp-image-45\" style=\"width:316px;height:auto\" srcset=\"https:\/\/sbi.mg\/wp-content\/uploads\/2025\/05\/Tana.jpg 330w, https:\/\/sbi.mg\/wp-content\/uploads\/2025\/05\/Tana-300x201.jpg 300w\" sizes=\"auto, (max-width: 330px) 100vw, 330px\" \/><\/figure>\n<\/div>\n\n\n<p><\/p>\n\n\n\n<p>L&rsquo;externalisation offre de&nbsp;<strong>nombreux avantages<\/strong>&nbsp;\u00e0 votre entreprise :<\/p>\n\n\n\n<ul class=\"wp-block-list\">\n<li>Concentration des effectifs sur les activit\u00e9s \u00e0 forte valeur ajout\u00e9e<\/li>\n\n\n\n<li>Gain de temps<\/li>\n\n\n\n<li>Augmentation de la comp\u00e9titivit\u00e9 et de la productivit\u00e9<\/li>\n\n\n\n<li>Gain de souplesse et de flexibilit\u00e9<\/li>\n\n\n\n<li>R\u00e9duction des frais de personnel<\/li>\n<\/ul>\n\n\n\n<p>Nous vous proposons d&rsquo;externaliser vos fonctions \u00ab\u00a0supports\u00a0\u00bb :<\/p>\n\n\n\n<ul class=\"wp-block-list\">\n<li><a href=\"https:\/\/sbi.mg\/index.php\/externisation-de-la-comptabilite-et-de-la-gestion\/\" data-type=\"page\" data-id=\"57\">Comptabilit\u00e9<\/a>,<\/li>\n\n\n\n<li>Gestion de la <a href=\"https:\/\/sbi.mg\/index.php\/externalisation-de-la-paie-et-de-la-rh\/\" data-type=\"page\" data-id=\"70\">Paie <\/a>et gestion des ressources humaines,<\/li>\n\n\n\n<li>Service marketing et commercial,<\/li>\n\n\n\n<li>Saisie de donn\u00e9es,<\/li>\n\n\n\n<li>Standard t\u00e9l\u00e9phonique.<\/li>\n<\/ul>\n\n\n\n<p><\/p>\n","protected":false},"excerpt":{"rendered":"<p>L&rsquo;externalisation (ou&nbsp;outsourcing&nbsp;en anglais) est une strat\u00e9gie oganisationnelle qui consiste pour une entreprise \u00e0&nbsp;confier la r\u00e9alisation de certaines t\u00e2ches \u00e0 un prestataire externe, expert dans son domaine. L&rsquo;externalisation offre de&nbsp;nombreux avantages&nbsp;\u00e0 votre entreprise : Nous vous proposons d&rsquo;externaliser vos fonctions \u00ab\u00a0supports\u00a0\u00bb :<\/p>\n","protected":false},"author":1,"featured_media":0,"parent":0,"menu_order":0,"comment_status":"closed","ping_status":"closed","template":"","meta":{"footnotes":""},"class_list":["post-31","page","type-page","status-publish","hentry"],"_links":{"self":[{"href":"https:\/\/sbi.mg\/index.php\/wp-json\/wp\/v2\/pages\/31","targetHints":{"allow":["GET"]}}],"collection":[{"href":"https:\/\/sbi.mg\/index.php\/wp-json\/wp\/v2\/pages"}],"about":[{"href":"https:\/\/sbi.mg\/index.php\/wp-json\/wp\/v2\/types\/page"}],"author":[{"embeddable":true,"href":"https:\/\/sbi.mg\/index.php\/wp-json\/wp\/v2\/users\/1"}],"replies":[{"embeddable":true,"href":"https:\/\/sbi.mg\/index.php\/wp-json\/wp\/v2\/comments?post=31"}],"version-history":[{"count":5,"href":"https:\/\/sbi.mg\/index.php\/wp-json\/wp\/v2\/pages\/31\/revisions"}],"predecessor-version":[{"id":75,"href":"https:\/\/sbi.mg\/index.php\/wp-json\/wp\/v2\/pages\/31\/revisions\/75"}],"wp:attachment":[{"href":"https:\/\/sbi.mg\/index.php\/wp-json\/wp\/v2\/media?parent=31"}],"curies":[{"name":"wp","href":"https:\/\/api.w.org\/{rel}","templated":true}]}}