{"id":57,"date":"2025-05-10T11:04:47","date_gmt":"2025-05-10T09:04:47","guid":{"rendered":"https:\/\/sbi.mg\/?page_id=57"},"modified":"2025-06-12T11:01:56","modified_gmt":"2025-06-12T09:01:56","slug":"externisation-de-la-comptabilite-et-de-la-gestion","status":"publish","type":"page","link":"https:\/\/sbi.mg\/index.php\/externisation-de-la-comptabilite-et-de-la-gestion\/","title":{"rendered":"Externalisation de la comptabilit\u00e9 et de la gestion"},"content":{"rendered":"\n<p class=\"has-text-align-center\">Externaliser la tenue de votre comptabilit\u00e9 vous permettra de :<\/p>\n\n\n\n<div class=\"wp-block-columns is-layout-flex wp-container-core-columns-is-layout-9d6595d7 wp-block-columns-is-layout-flex\">\n<div class=\"wp-block-column is-layout-flow wp-block-column-is-layout-flow\" style=\"flex-basis:33.33%\"><\/div>\n\n\n\n<div class=\"wp-block-column is-layout-flow wp-block-column-is-layout-flow\" style=\"flex-basis:66.66%\">\n<ul class=\"wp-block-list\">\n<li>La comptabilit\u00e9 g\u00e9n\u00e9rale et la <strong>comptabilit\u00e9 analytique<\/strong>,<\/li>\n\n\n\n<li>La gestion de la paie et les d\u00e9clarations sociales,<\/li>\n\n\n\n<li>La gestion des factures (clients et fournisseurs),<\/li>\n\n\n\n<li>Les d\u00e9clarations fiscales,<\/li>\n\n\n\n<li>L\u2019assistance juridique,<\/li>\n\n\n\n<li>L\u2019accompagnement dans la gestion financi\u00e8re.<\/li>\n<\/ul>\n<\/div>\n<\/div>\n\n\n\n<p class=\"has-text-align-center\">SBI tiens \u00e0 votre disposition une \u00e9quipe compl\u00e8te allant de l&rsquo;op\u00e9rateur de saisie \u00e0 l&rsquo;expert comptable.<\/p>\n\n\n\n<h4 class=\"wp-block-heading has-text-align-center has-colibri-color-2-color has-text-color has-link-color wp-elements-d75ff8a7a1e8ddca4ccae514d95d382f\" id=\"le-contrat-dexternalisation-de-la-comptabilite\">Le contrat d\u2019externalisation de la comptabilit\u00e9<\/h4>\n\n\n\n<p class=\"has-text-align-center\">L\u2019externalisation de la comptabilit\u00e9  se mat\u00e9rialisa par la signature d\u2019une<strong>\u00a0lettre de mission.<\/strong><\/p>\n\n\n\n<p class=\"has-text-align-center\">Cette lettre de mission doit notamment pr\u00e9voir :<\/p>\n\n\n\n<div class=\"wp-block-columns is-layout-flex wp-container-core-columns-is-layout-9d6595d7 wp-block-columns-is-layout-flex\">\n<div class=\"wp-block-column is-layout-flow wp-block-column-is-layout-flow\" style=\"flex-basis:33.33%\"><\/div>\n\n\n\n<div class=\"wp-block-column is-layout-flow wp-block-column-is-layout-flow\" style=\"flex-basis:66.66%\">\n<ul class=\"wp-block-list\">\n<li>la nature et le p\u00e9rim\u00e8tre de notre\u00a0mission ,<\/li>\n\n\n\n<li>la p\u00e9riode date de d\u00e9but et de fin de notre mission,<\/li>\n\n\n\n<li>le co\u00fbt de nos prestations,<\/li>\n\n\n\n<li>la\u00a0r\u00e9partition des t\u00e2ches,<\/li>\n\n\n\n<li>les conditions de r\u00e9siliation de la mission.<\/li>\n<\/ul>\n<\/div>\n<\/div>\n\n\n\n<h4 class=\"wp-block-heading has-text-align-center has-colibri-color-2-color has-text-color has-link-color wp-elements-411930fd6230d436cc19e2e07e94bd51\">Politique tarifaire<\/h4>\n\n\n\n<p class=\"has-text-align-center\">Nous proposons plusieurs modes de facturation de nos services :<\/p>\n\n\n\n<div class=\"wp-block-columns is-layout-flex wp-container-core-columns-is-layout-9d6595d7 wp-block-columns-is-layout-flex\">\n<div class=\"wp-block-column is-layout-flow wp-block-column-is-layout-flow\" style=\"flex-basis:33.33%\"><\/div>\n\n\n\n<div class=\"wp-block-column is-layout-flow wp-block-column-is-layout-flow\" style=\"flex-basis:66.66%\">\n<ul class=\"wp-block-list\">\n<li>au temps pass\u00e9 (ex.: pour la saisie simple \u00e0 partir de 6 \u20ac TTC de l&rsquo;heure,<\/li>\n\n\n\n<li>au forfait mensuel (en fonction du nombre moyen de factures clients et fournisseurs par mois [\u00e0 partir de 250 \u20ac\/mois]),<\/li>\n\n\n\n<li>au forfait annuel selon la mission,<\/li>\n\n\n\n<li>\u00e0 la mission sp\u00e9cifique sur devis.<\/li>\n<\/ul>\n<\/div>\n<\/div>\n\n\n\n<p class=\"has-text-align-center\"><strong>Pas de frais de mise en place de dossier.<\/strong><\/p>\n\n\n\n<p><\/p>\n","protected":false},"excerpt":{"rendered":"<p>Externaliser la tenue de votre comptabilit\u00e9 vous permettra de : SBI tiens \u00e0 votre disposition une \u00e9quipe compl\u00e8te allant de l&rsquo;op\u00e9rateur de saisie \u00e0 l&rsquo;expert comptable. Le contrat d\u2019externalisation de la comptabilit\u00e9 L\u2019externalisation de la comptabilit\u00e9 se mat\u00e9rialisa par la signature d\u2019une\u00a0lettre de mission. Cette lettre de mission doit notamment pr\u00e9voir : Politique tarifaire Nous [&hellip;]<\/p>\n","protected":false},"author":1,"featured_media":0,"parent":0,"menu_order":0,"comment_status":"closed","ping_status":"closed","template":"","meta":{"footnotes":""},"class_list":["post-57","page","type-page","status-publish","hentry"],"_links":{"self":[{"href":"https:\/\/sbi.mg\/index.php\/wp-json\/wp\/v2\/pages\/57","targetHints":{"allow":["GET"]}}],"collection":[{"href":"https:\/\/sbi.mg\/index.php\/wp-json\/wp\/v2\/pages"}],"about":[{"href":"https:\/\/sbi.mg\/index.php\/wp-json\/wp\/v2\/types\/page"}],"author":[{"embeddable":true,"href":"https:\/\/sbi.mg\/index.php\/wp-json\/wp\/v2\/users\/1"}],"replies":[{"embeddable":true,"href":"https:\/\/sbi.mg\/index.php\/wp-json\/wp\/v2\/comments?post=57"}],"version-history":[{"count":10,"href":"https:\/\/sbi.mg\/index.php\/wp-json\/wp\/v2\/pages\/57\/revisions"}],"predecessor-version":[{"id":788,"href":"https:\/\/sbi.mg\/index.php\/wp-json\/wp\/v2\/pages\/57\/revisions\/788"}],"wp:attachment":[{"href":"https:\/\/sbi.mg\/index.php\/wp-json\/wp\/v2\/media?parent=57"}],"curies":[{"name":"wp","href":"https:\/\/api.w.org\/{rel}","templated":true}]}}