{"id":70,"date":"2025-05-10T14:05:37","date_gmt":"2025-05-10T12:05:37","guid":{"rendered":"https:\/\/sbi.mg\/?page_id=70"},"modified":"2025-06-12T10:41:37","modified_gmt":"2025-06-12T08:41:37","slug":"externalisation-de-la-paie-et-de-la-rh","status":"publish","type":"page","link":"https:\/\/sbi.mg\/index.php\/externalisation-de-la-paie-et-de-la-rh\/","title":{"rendered":"Externalisation de la Paie et de la RH"},"content":{"rendered":"\n<p class=\"has-text-align-center has-colibri-color-2-color has-text-color has-link-color wp-elements-f765b6dfc9735bf47da0d7ee38c2e650\"><strong>Externaliser la paie vous permettra de confier :<\/strong><\/p>\n\n\n\n<div class=\"wp-block-columns are-vertically-aligned-center is-layout-flex wp-container-core-columns-is-layout-9d6595d7 wp-block-columns-is-layout-flex\">\n<div class=\"wp-block-column is-vertically-aligned-center is-layout-flow wp-block-column-is-layout-flow\" style=\"flex-basis:100%\">\n<div class=\"wp-block-group is-content-justification-center is-nowrap is-layout-flex wp-container-core-group-is-layout-94bc23d7 wp-block-group-is-layout-flex\">\n<div class=\"wp-block-columns wp-container-content-9cfa9a5a is-layout-flex wp-container-core-columns-is-layout-9d6595d7 wp-block-columns-is-layout-flex\">\n<div class=\"wp-block-column is-layout-flow wp-block-column-is-layout-flow\"><\/div>\n\n\n\n<div class=\"wp-block-column is-layout-flow wp-block-column-is-layout-flow\" style=\"flex-basis:75%\">\n<div class=\"wp-block-group\"><div class=\"wp-block-group__inner-container is-layout-flow wp-block-group-is-layout-flow\">\n<ul class=\"wp-block-list\">\n<li>La saisie et le contr\u00f4le de la paie,<\/li>\n\n\n\n<li>La gestion des arr\u00eats de travail,<\/li>\n\n\n\n<li>Les d\u00e9clarations sociales,<\/li>\n\n\n\n<li>L\u2019administration du personnel ( DPAE,&nbsp;contrat de travail, \u2026),<\/li>\n\n\n\n<li>La gestion de la m\u00e9decine du travail,<\/li>\n\n\n\n<li>Le conseil en droit social,<\/li>\n\n\n\n<li>La GPEC, la gestion des IRP, &#8230;<\/li>\n\n\n\n<li>Le gestion des conflits sociaux,<\/li>\n\n\n\n<li>La pr\u00e9paration de litiges prud&rsquo;homaux.<\/li>\n<\/ul>\n<\/div><\/div>\n<\/div>\n<\/div>\n<\/div>\n<\/div>\n<\/div>\n\n\n\n<p class=\"has-text-align-center\">SBI tient \u00e0 votre disposition une \u00e9quipe compl\u00e8te allant de l&rsquo;op\u00e9rateur de saisie \u00e0 l&rsquo;expert RH.<\/p>\n\n\n<div class=\"wp-block-image\">\n<figure class=\"aligncenter size-full is-resized\"><img loading=\"lazy\" decoding=\"async\" width=\"512\" height=\"512\" src=\"https:\/\/sbi.mg\/wp-content\/uploads\/2025\/05\/cropped-logo-sbi.png.jpg\" alt=\"\" class=\"wp-image-33\" style=\"width:316px;height:auto\" srcset=\"https:\/\/sbi.mg\/wp-content\/uploads\/2025\/05\/cropped-logo-sbi.png.jpg 512w, https:\/\/sbi.mg\/wp-content\/uploads\/2025\/05\/cropped-logo-sbi.png-300x300.jpg 300w, https:\/\/sbi.mg\/wp-content\/uploads\/2025\/05\/cropped-logo-sbi.png-150x150.jpg 150w\" sizes=\"auto, (max-width: 512px) 100vw, 512px\" \/><\/figure>\n<\/div>\n\n\n<h5 class=\"wp-block-heading has-text-align-center\" id=\"le-contrat-dexternalisation-de-la-comptabilite\"><mark style=\"background-color:rgba(0, 0, 0, 0)\" class=\"has-inline-color has-colibri-color-2-color\">L\u2019externalisation de la Paie de votre entreprise se mat\u00e9rialisa par la signature d&rsquo;un contrat d\u2019externalisation.<\/mark><\/h5>\n\n\n\n<p class=\"has-text-align-center\">Ce contrat pr\u00e9voira notamment :<\/p>\n\n\n\n<div class=\"wp-block-columns is-layout-flex wp-container-core-columns-is-layout-9d6595d7 wp-block-columns-is-layout-flex\">\n<div class=\"wp-block-column is-layout-flow wp-block-column-is-layout-flow\" style=\"flex-basis:33.33%\"><\/div>\n\n\n\n<div class=\"wp-block-column is-layout-flow wp-block-column-is-layout-flow\" style=\"flex-basis:66.66%\">\n<div class=\"wp-block-group\"><div class=\"wp-block-group__inner-container is-layout-constrained wp-block-group-is-layout-constrained\">\n<ul class=\"wp-block-list\">\n<li>la nature et le p\u00e9rim\u00e8tre de notre\u00a0mission ,<\/li>\n\n\n\n<li>la p\u00e9riode date de d\u00e9but et de fin de notre mission,<\/li>\n\n\n\n<li>le co\u00fbt de nos prestations,<\/li>\n\n\n\n<li>la\u00a0r\u00e9partition des t\u00e2ches,<\/li>\n\n\n\n<li>les conditions de r\u00e9siliation de la mission.<\/li>\n<\/ul>\n<\/div><\/div>\n<\/div>\n<\/div>\n\n\n\n<div class=\"wp-block-columns is-layout-flex wp-container-core-columns-is-layout-9d6595d7 wp-block-columns-is-layout-flex\">\n<div class=\"wp-block-column is-layout-flow wp-block-column-is-layout-flow\" style=\"flex-basis:50%\">\n<blockquote class=\"wp-block-quote has-text-align-left is-layout-flow wp-block-quote-is-layout-flow\"><\/blockquote>\n<\/div>\n<\/div>\n\n\n\n<p><\/p>\n\n\n\n<h4 class=\"wp-block-heading has-text-align-center has-colibri-color-2-color has-text-color has-link-color wp-elements-411930fd6230d436cc19e2e07e94bd51\">Politique tarifaire<\/h4>\n\n\n\n<p class=\"has-text-align-center\">Nous proposons plusieurs modes de facturation de nos services :<\/p>\n\n\n\n<div class=\"wp-block-columns is-layout-flex wp-container-core-columns-is-layout-9d6595d7 wp-block-columns-is-layout-flex\">\n<div class=\"wp-block-column is-layout-flow wp-block-column-is-layout-flow\" style=\"flex-basis:33.33%\"><\/div>\n\n\n\n<div class=\"wp-block-column is-layout-flow wp-block-column-is-layout-flow\" style=\"flex-basis:66.66%\">\n<ul class=\"wp-block-list\">\n<li>au temps pass\u00e9 (ex.: pour la saisie simple \u00e0 partir de 6 \u20ac TTC de l&rsquo;heure,<\/li>\n\n\n\n<li>au forfait mensuel (en fonction du nombre de salari\u00e9s et de la complexit\u00e9 de la paie [\u00e0 partir de 3 \u20ac\/mois du bulletin]),<\/li>\n\n\n\n<li>au forfait annuel selon la mission,<\/li>\n\n\n\n<li>\u00e0 la mission sp\u00e9cifique sur devis.<\/li>\n<\/ul>\n<\/div>\n<\/div>\n\n\n\n<p class=\"has-text-align-center\"><strong>Pas de frais de mise en place de dossier.<\/strong><\/p>\n\n\n\n<p><\/p>\n\n\n<\/div>\n<\/div>\n<\/div>\n<\/div>\n<\/div>\n<\/div>\n<\/div>\n<\/div>\n<\/div>\n<\/div>","protected":false},"excerpt":{"rendered":"<p>Externaliser la paie vous permettra de confier : SBI tient \u00e0 votre disposition une \u00e9quipe compl\u00e8te allant de l&rsquo;op\u00e9rateur de saisie \u00e0 l&rsquo;expert RH. L\u2019externalisation de la Paie de votre entreprise se mat\u00e9rialisa par la signature d&rsquo;un contrat d\u2019externalisation. Ce contrat pr\u00e9voira notamment : Politique tarifaire Nous proposons plusieurs modes de facturation de nos services [&hellip;]<\/p>\n","protected":false},"author":1,"featured_media":0,"parent":0,"menu_order":0,"comment_status":"closed","ping_status":"closed","template":"page-templates\/full-width-page.php","meta":{"footnotes":""},"class_list":["post-70","page","type-page","status-publish","hentry"],"_links":{"self":[{"href":"https:\/\/sbi.mg\/index.php\/wp-json\/wp\/v2\/pages\/70","targetHints":{"allow":["GET"]}}],"collection":[{"href":"https:\/\/sbi.mg\/index.php\/wp-json\/wp\/v2\/pages"}],"about":[{"href":"https:\/\/sbi.mg\/index.php\/wp-json\/wp\/v2\/types\/page"}],"author":[{"embeddable":true,"href":"https:\/\/sbi.mg\/index.php\/wp-json\/wp\/v2\/users\/1"}],"replies":[{"embeddable":true,"href":"https:\/\/sbi.mg\/index.php\/wp-json\/wp\/v2\/comments?post=70"}],"version-history":[{"count":20,"href":"https:\/\/sbi.mg\/index.php\/wp-json\/wp\/v2\/pages\/70\/revisions"}],"predecessor-version":[{"id":773,"href":"https:\/\/sbi.mg\/index.php\/wp-json\/wp\/v2\/pages\/70\/revisions\/773"}],"wp:attachment":[{"href":"https:\/\/sbi.mg\/index.php\/wp-json\/wp\/v2\/media?parent=70"}],"curies":[{"name":"wp","href":"https:\/\/api.w.org\/{rel}","templated":true}]}}