{"id":82,"date":"2025-05-10T16:19:23","date_gmt":"2025-05-10T14:19:23","guid":{"rendered":"https:\/\/sbi.mg\/?page_id=82"},"modified":"2025-05-27T13:56:31","modified_gmt":"2025-05-27T11:56:31","slug":"a-propos-de-sbi","status":"publish","type":"page","link":"https:\/\/sbi.mg\/index.php\/a-propos-de-sbi\/","title":{"rendered":"\u00e0 propos de SBI"},"content":{"rendered":"\n<p>Nos associ\u00e9s consultants : Mario (avocat aupr\u00e8s de la cour d\u2019appel de Tananarive), Sandra(Licence en communication), Fabiola (Master Finance et comptabilit\u00e9, Master Management des Entreprises), Guillaume (Master 2 Gestion des Comp\u00e9tences et des RH) et Luc (DSCG) proposent des interventions rapides et adapt\u00e9s aux associations, PME-PMI et grands comptes..<\/p>\n\n\n\n<figure class=\"wp-block-image size-full is-resized\"><img loading=\"lazy\" decoding=\"async\" width=\"275\" height=\"183\" src=\"https:\/\/sbi.mg\/wp-content\/uploads\/2025\/05\/Lemur.jpg\" alt=\"\" class=\"wp-image-87\" style=\"width:759px;height:auto\"\/><\/figure>\n\n\n\n<p>Ses consultants associ\u00e9s et consultants partenaires interviennent sur tout Madagascar et en France dans l\u2019accompagnement des hommes et l\u2019\u00e9volution des organisations.<\/p>\n\n\n\n<p><\/p>\n\n\n\n<p class=\"has-text-align-center\"><\/p>\n\n\n\n<h2 class=\"wp-block-heading has-text-align-center\"><mark style=\"background-color:rgba(0, 0, 0, 0);color:#cf2e2e\" class=\"has-inline-color\">La M\u00e9thodologie chez SBI<\/mark><\/h2>\n\n\n\n<ul class=\"wp-block-list\">\n<li><\/li>\n<\/ul>\n\n\n\n<p>Notre approche favorise le changement et l&rsquo;\u00e9volution par  :<\/p>\n\n\n\n<ul class=\"wp-block-list\">\n<li><a href=\"https:\/\/sbi.mg\/index.php\/externisation-de-la-comptabilite-et-de-la-gestion\/\" data-type=\"page\" data-id=\"57\">Des actions individualis\u00e9es et sur mesures<\/a>,<\/li>\n\n\n\n<li>Par la mise en place d&rsquo;outils et d&rsquo;indicateurs,<\/li>\n<\/ul>\n\n\n\n<figure class=\"wp-block-image size-full\"><img loading=\"lazy\" decoding=\"async\" width=\"1000\" height=\"563\" src=\"https:\/\/sbi.mg\/wp-content\/uploads\/2025\/05\/Maki.jpg\" alt=\"\" class=\"wp-image-89\" srcset=\"https:\/\/sbi.mg\/wp-content\/uploads\/2025\/05\/Maki.jpg 1000w, https:\/\/sbi.mg\/wp-content\/uploads\/2025\/05\/Maki-300x169.jpg 300w, https:\/\/sbi.mg\/wp-content\/uploads\/2025\/05\/Maki-768x432.jpg 768w\" sizes=\"auto, (max-width: 1000px) 100vw, 1000px\" \/><\/figure>\n\n\n\n<p class=\"has-text-align-center\">Notre m\u00e9thode  vise \u00e0 am\u00e9liorer l\u2019efficacit\u00e9 et&nbsp;la comp\u00e9titivit\u00e9 des entreprises en pla\u00e7ant l\u2019homme au c\u0153ur de la d\u00e9marche.<\/p>\n\n\n\n<p><\/p>\n\n\n\n<p>Notre adresse : AV 126 B &#8211; Villa Baobab &#8211; Ampitatafika &#8211; Madagascar<\/p>\n\n\n\n<p>T\u00e9l. : 032 58 334 83<\/p>\n\n\n\n<p>Mail : sbi.mg@outlook.com <\/p>\n\n\n\n<figure class=\"wp-block-image size-full\"><img loading=\"lazy\" decoding=\"async\" width=\"765\" height=\"504\" src=\"https:\/\/sbi.mg\/wp-content\/uploads\/2025\/05\/PLAN-1.png\" alt=\"\" class=\"wp-image-142\" srcset=\"https:\/\/sbi.mg\/wp-content\/uploads\/2025\/05\/PLAN-1.png 765w, https:\/\/sbi.mg\/wp-content\/uploads\/2025\/05\/PLAN-1-300x198.png 300w\" sizes=\"auto, (max-width: 765px) 100vw, 765px\" \/><\/figure>\n","protected":false},"excerpt":{"rendered":"<p>Nos associ\u00e9s consultants : Mario (avocat aupr\u00e8s de la cour d\u2019appel de Tananarive), Sandra(Licence en communication), Fabiola (Master Finance et comptabilit\u00e9, Master Management des Entreprises), Guillaume (Master 2 Gestion des Comp\u00e9tences et des RH) et Luc (DSCG) proposent des interventions rapides et adapt\u00e9s aux associations, PME-PMI et grands comptes.. Ses consultants associ\u00e9s et consultants partenaires [&hellip;]<\/p>\n","protected":false},"author":1,"featured_media":0,"parent":0,"menu_order":0,"comment_status":"closed","ping_status":"closed","template":"","meta":{"footnotes":""},"class_list":["post-82","page","type-page","status-publish","hentry"],"_links":{"self":[{"href":"https:\/\/sbi.mg\/index.php\/wp-json\/wp\/v2\/pages\/82","targetHints":{"allow":["GET"]}}],"collection":[{"href":"https:\/\/sbi.mg\/index.php\/wp-json\/wp\/v2\/pages"}],"about":[{"href":"https:\/\/sbi.mg\/index.php\/wp-json\/wp\/v2\/types\/page"}],"author":[{"embeddable":true,"href":"https:\/\/sbi.mg\/index.php\/wp-json\/wp\/v2\/users\/1"}],"replies":[{"embeddable":true,"href":"https:\/\/sbi.mg\/index.php\/wp-json\/wp\/v2\/comments?post=82"}],"version-history":[{"count":6,"href":"https:\/\/sbi.mg\/index.php\/wp-json\/wp\/v2\/pages\/82\/revisions"}],"predecessor-version":[{"id":498,"href":"https:\/\/sbi.mg\/index.php\/wp-json\/wp\/v2\/pages\/82\/revisions\/498"}],"wp:attachment":[{"href":"https:\/\/sbi.mg\/index.php\/wp-json\/wp\/v2\/media?parent=82"}],"curies":[{"name":"wp","href":"https:\/\/api.w.org\/{rel}","templated":true}]}}